{"id":10,"date":"2018-01-04T16:23:53","date_gmt":"2018-01-04T15:23:53","guid":{"rendered":"http:\/\/test.ejwleo.de\/lagerlive\/?page_id=10"},"modified":"2019-03-25T12:51:41","modified_gmt":"2019-03-25T11:51:41","slug":"home","status":"publish","type":"page","link":"https:\/\/ejwleo.de\/lagerlive\/","title":{"rendered":"Home"},"content":{"rendered":"<h2 style=\"text-align: center\">Willkommen beim LAGER Live-Blog des&nbsp;Jungscharlagers des EJW Leonberg<\/h2>\n<p style=\"text-align: center\"><span style=\"color: #000000\">Auf diesen Seiten bekommst du Eindr\u00fccke in das Jungscharlager des Evangelischen Jugendwerks Bezirk Leonberg!<\/span><\/p>\n<p><div class=\"col grid3 alpha pct\"><div class=\"thumb fade\"><div class=\"photo\"><a href=\"https:\/\/ejwleo.de\/lagerlive\/2025\/willkommen-auf-lummerland\/\"><img decoding=\"async\" src=\"https:\/\/ejwleo.de\/lagerlive\/wp-content\/uploads\/sites\/2\/2025\/08\/IMG_3741-1-scaled-900x600_c.jpg\" alt=\"\"><span class=\"info\"><span class=\"icon-link\"><\/span><\/span><\/a><\/div><\/div><h4><a href=\"https:\/\/ejwleo.de\/lagerlive\/2025\/willkommen-auf-lummerland\/\">Willkommen auf Lummerland<\/a><\/h4><p class=\"small\">\ud83c\udfb5 Wer kennt viele Abendteuer? \ud83c\udfb5Jim Knopf ist mit einem grandiosen Mitarbeiterteam bereits am Freitag Nachmittag auf Lummerland angekommen. Lukas, der Lokomotivf\u00fchrer hat gemeinsam f\u00fcr die \u00fcber 70 erwarteten Kinder und Jim Knopf Lummerland mit Zelte, Lagerkreuz und Co ausgestattet. Es wurde geschafft was das Zeug h\u00e4lt und am Sonntag Nachmittag war eine zuvor leere [&hellip;]<\/p><a class=\"button\" href=\"https:\/\/ejwleo.de\/lagerlive\/2025\/willkommen-auf-lummerland\/\">mehr<\/a><\/div><div class=\"col grid3  pct\"><div class=\"thumb fade\"><div class=\"photo\"><a href=\"https:\/\/ejwleo.de\/lagerlive\/2024\/auftanken-mit-abkuehlung\/\"><img decoding=\"async\" src=\"https:\/\/ejwleo.de\/lagerlive\/wp-content\/uploads\/sites\/2\/2024\/08\/DSC_4045-scaled-900x600_c.jpg\" alt=\"\"><span class=\"info\"><span class=\"icon-link\"><\/span><\/span><\/a><\/div><\/div><h4><a href=\"https:\/\/ejwleo.de\/lagerlive\/2024\/auftanken-mit-abkuehlung\/\">Auftanken mit Abk\u00fchlung<\/a><\/h4><p class=\"small\">Heute startete der Tag komplett anders, die Jungs und M\u00e4dels haben in einer Schutzh\u00fctte oder in einem Gemeindehaus \u00fcbernachtet. Wann jedes Zelt aufgestanden ist und wie sie fit geworden sind war das Problem der jeweiligen Mitarbeiter*in. Die einzige Vorgabe, die es gab, war 12:30Uhr zum Mittagessen aufm Zeltplatz wieder zu sein. P\u00fcnktlich um 12:30Uhr waren [&hellip;]<\/p><a class=\"button\" href=\"https:\/\/ejwleo.de\/lagerlive\/2024\/auftanken-mit-abkuehlung\/\">mehr<\/a><\/div><div class=\"col grid3  pct\"><div class=\"thumb fade\"><div class=\"photo\"><a href=\"https:\/\/ejwleo.de\/lagerlive\/2024\/rucksack-packen-und-weg\/\"><img decoding=\"async\" src=\"https:\/\/ejwleo.de\/lagerlive\/wp-content\/uploads\/sites\/2\/2024\/07\/DSC_3923-scaled-900x600_c.jpg\" alt=\"\"><span class=\"info\"><span class=\"icon-link\"><\/span><\/span><\/a><\/div><\/div><h4><a href=\"https:\/\/ejwleo.de\/lagerlive\/2024\/rucksack-packen-und-weg\/\">Rucksack packen und weg<\/a><\/h4><p class=\"small\">Auch heute hie\u00df es wieder um 8Uhr aufstehen. Der Wecker in Form von einer sehr lauten Soundboks und dem Lied &#8222;Boom, Boom, Boom&#8220; und anschlie\u00dfender Polonese, ging es durch die Zelte zum Lagerkreuz. Bei so einem L\u00e4rm kann keiner mehr schlafen. Danach gab es wieder ein \u201eHallo Wach\u201c-Workout mit dem Morgensport-Team. Danach hie\u00df es ran [&hellip;]<\/p><a class=\"button\" href=\"https:\/\/ejwleo.de\/lagerlive\/2024\/rucksack-packen-und-weg\/\">mehr<\/a><\/div><div class=\"col grid3  pct\"><div class=\"thumb fade\"><div class=\"photo\"><a href=\"https:\/\/ejwleo.de\/lagerlive\/2024\/wetten-dass-die-krankentrage-dich-haelt\/\"><img decoding=\"async\" src=\"https:\/\/ejwleo.de\/lagerlive\/wp-content\/uploads\/sites\/2\/2024\/07\/DSC_3748-scaled-900x600_c.jpg\" alt=\"\"><span class=\"info\"><span class=\"icon-link\"><\/span><\/span><\/a><\/div><\/div><h4><a href=\"https:\/\/ejwleo.de\/lagerlive\/2024\/wetten-dass-die-krankentrage-dich-haelt\/\">Wetten, dass&#8230;die Krankentrage dich h\u00e4lt<\/a><\/h4><p class=\"small\">Ein neuer Tag beginnt!!! Was macht man nicht alles in seinen Ferien?? Da denkt man eigentlich man k\u00f6nnte ausschlafen, weil keine Schule ist, aber auf unserem Zeltlager hei\u00dft es um 8Uhr morgens raus aus den Federn und schnell umziehen. Der erste Treffpunkt war das Lagerkreuz, hier wurden die ersten Lieder gesungen und es gab einen [&hellip;]<\/p><a class=\"button\" href=\"https:\/\/ejwleo.de\/lagerlive\/2024\/wetten-dass-die-krankentrage-dich-haelt\/\">mehr<\/a><\/div><div class=\"col grid4 omega pct\"><\/div> <div class=\"clear\"><\/div><\/p>\n<p class=\"no-bottom\"><div class=\"call-to-action\"><h3>In unserem Blog findest du weitere \/ \u00e4ltere Beitr\u00e4ge<\/h3>\n<p class=\"no-bottom\"><a class=\"button\" href=\"https:\/\/ejwleo.de\/lagerlive\/blog\">zum Blog<\/a><\/p>\n<p class=\"no-bottom\"><\/div>\n","protected":false},"excerpt":{"rendered":"<p>Willkommen beim LAGER Live-Blog des&nbsp;Jungscharlagers des EJW Leonberg Auf diesen Seiten bekommst du Eindr\u00fccke in das Jungscharlager des Evangelischen Jugendwerks Bezirk Leonberg!<\/p>\n","protected":false},"author":1,"featured_media":266,"parent":0,"menu_order":0,"comment_status":"closed","ping_status":"closed","template":"","meta":{"_acf_changed":false,"footnotes":""},"class_list":["post-10","page","type-page","status-publish","has-post-thumbnail","hentry"],"acf":[],"yoast_head":"<!-- This site is optimized with the Yoast SEO plugin v27.4 - https:\/\/yoast.com\/product\/yoast-seo-wordpress\/ -->\n<title>Home - LagerLive | Ev. Jugendwerk Bezirk Leonberg<\/title>\n<meta name=\"description\" content=\"Willkommen beim LAGER Live-Blog des\u00a0Jungscharlagers des EJW Leonberg. Hier bekommst du Eindr\u00fccke in das Jungscharlager, erf\u00e4hrst mehr \u00fcber das diesj\u00e4hrige Lager-Motto oder kannst dich durch die Beitr\u00e4ge vergangener Lager klicken. Viel Spa\u00df!\" \/>\n<meta name=\"robots\" content=\"index, follow, max-snippet:-1, max-image-preview:large, max-video-preview:-1\" \/>\n<link rel=\"canonical\" href=\"https:\/\/ejwleo.de\/lagerlive\/\" \/>\n<meta property=\"og:locale\" content=\"de_DE\" \/>\n<meta property=\"og:type\" content=\"article\" \/>\n<meta property=\"og:title\" content=\"Home - LagerLive | Ev. Jugendwerk Bezirk Leonberg\" \/>\n<meta property=\"og:description\" content=\"Willkommen beim LAGER Live-Blog des\u00a0Jungscharlagers des EJW Leonberg. Hier bekommst du Eindr\u00fccke in das Jungscharlager, erf\u00e4hrst mehr \u00fcber das diesj\u00e4hrige Lager-Motto oder kannst dich durch die Beitr\u00e4ge vergangener Lager klicken. Viel Spa\u00df!\" \/>\n<meta property=\"og:url\" content=\"https:\/\/ejwleo.de\/lagerlive\/\" \/>\n<meta property=\"og:site_name\" content=\"LagerLive | Ev. Jugendwerk Bezirk Leonberg\" \/>\n<meta property=\"article:modified_time\" content=\"2019-03-25T11:51:41+00:00\" \/>\n<meta property=\"og:image\" content=\"https:\/\/ejwleo.de\/lagerlive\/wp-content\/uploads\/sites\/2\/2017\/08\/P7310004-1.jpg\" \/>\n\t<meta property=\"og:image:width\" content=\"2048\" \/>\n\t<meta property=\"og:image:height\" content=\"1365\" \/>\n\t<meta property=\"og:image:type\" content=\"image\/jpeg\" \/>\n<meta name=\"twitter:card\" content=\"summary_large_image\" \/>\n<script type=\"application\/ld+json\" class=\"yoast-schema-graph\">{\"@context\":\"https:\\\/\\\/schema.org\",\"@graph\":[{\"@type\":\"WebPage\",\"@id\":\"https:\\\/\\\/ejwleo.de\\\/lagerlive\\\/\",\"url\":\"https:\\\/\\\/ejwleo.de\\\/lagerlive\\\/\",\"name\":\"Home - LagerLive | Ev. Jugendwerk Bezirk Leonberg\",\"isPartOf\":{\"@id\":\"https:\\\/\\\/ejwleo.de\\\/lagerlive\\\/#website\"},\"primaryImageOfPage\":{\"@id\":\"https:\\\/\\\/ejwleo.de\\\/lagerlive\\\/#primaryimage\"},\"image\":{\"@id\":\"https:\\\/\\\/ejwleo.de\\\/lagerlive\\\/#primaryimage\"},\"thumbnailUrl\":\"https:\\\/\\\/ejwleo.de\\\/lagerlive\\\/wp-content\\\/uploads\\\/sites\\\/2\\\/2017\\\/08\\\/P7310004-1.jpg\",\"datePublished\":\"2018-01-04T15:23:53+00:00\",\"dateModified\":\"2019-03-25T11:51:41+00:00\",\"description\":\"Willkommen beim LAGER Live-Blog des\u00a0Jungscharlagers des EJW Leonberg. Hier bekommst du Eindr\u00fccke in das Jungscharlager, erf\u00e4hrst mehr \u00fcber das diesj\u00e4hrige Lager-Motto oder kannst dich durch die Beitr\u00e4ge vergangener Lager klicken. Viel Spa\u00df!\",\"breadcrumb\":{\"@id\":\"https:\\\/\\\/ejwleo.de\\\/lagerlive\\\/#breadcrumb\"},\"inLanguage\":\"de\",\"potentialAction\":[{\"@type\":\"ReadAction\",\"target\":[\"https:\\\/\\\/ejwleo.de\\\/lagerlive\\\/\"]}]},{\"@type\":\"ImageObject\",\"inLanguage\":\"de\",\"@id\":\"https:\\\/\\\/ejwleo.de\\\/lagerlive\\\/#primaryimage\",\"url\":\"https:\\\/\\\/ejwleo.de\\\/lagerlive\\\/wp-content\\\/uploads\\\/sites\\\/2\\\/2017\\\/08\\\/P7310004-1.jpg\",\"contentUrl\":\"https:\\\/\\\/ejwleo.de\\\/lagerlive\\\/wp-content\\\/uploads\\\/sites\\\/2\\\/2017\\\/08\\\/P7310004-1.jpg\",\"width\":2048,\"height\":1365,\"caption\":\"OLYMPUS DIGITAL CAMERA\"},{\"@type\":\"BreadcrumbList\",\"@id\":\"https:\\\/\\\/ejwleo.de\\\/lagerlive\\\/#breadcrumb\",\"itemListElement\":[{\"@type\":\"ListItem\",\"position\":1,\"name\":\"Startseite\",\"item\":\"https:\\\/\\\/ejwleo.de\\\/lagerlive\\\/\"},{\"@type\":\"ListItem\",\"position\":2,\"name\":\"Home\"}]},{\"@type\":\"WebSite\",\"@id\":\"https:\\\/\\\/ejwleo.de\\\/lagerlive\\\/#website\",\"url\":\"https:\\\/\\\/ejwleo.de\\\/lagerlive\\\/\",\"name\":\"LagerLive | Ev. Jugendwerk Bezirk Leonberg\",\"description\":\"LagerLive | Ev. Jugendwerk Bezirk Leonberg\",\"publisher\":{\"@id\":\"https:\\\/\\\/ejwleo.de\\\/lagerlive\\\/#organization\"},\"potentialAction\":[{\"@type\":\"SearchAction\",\"target\":{\"@type\":\"EntryPoint\",\"urlTemplate\":\"https:\\\/\\\/ejwleo.de\\\/lagerlive\\\/?s={search_term_string}\"},\"query-input\":{\"@type\":\"PropertyValueSpecification\",\"valueRequired\":true,\"valueName\":\"search_term_string\"}}],\"inLanguage\":\"de\"},{\"@type\":\"Organization\",\"@id\":\"https:\\\/\\\/ejwleo.de\\\/lagerlive\\\/#organization\",\"name\":\"LagerLive | Ev. Jugendwerk Bezirk Leonberg\",\"url\":\"https:\\\/\\\/ejwleo.de\\\/lagerlive\\\/\",\"logo\":{\"@type\":\"ImageObject\",\"inLanguage\":\"de\",\"@id\":\"https:\\\/\\\/ejwleo.de\\\/lagerlive\\\/#\\\/schema\\\/logo\\\/image\\\/\",\"url\":\"\",\"contentUrl\":\"\",\"caption\":\"LagerLive | Ev. Jugendwerk Bezirk Leonberg\"},\"image\":{\"@id\":\"https:\\\/\\\/ejwleo.de\\\/lagerlive\\\/#\\\/schema\\\/logo\\\/image\\\/\"}}]}<\/script>\n<!-- \/ Yoast SEO plugin. -->","yoast_head_json":{"title":"Home - LagerLive | Ev. Jugendwerk Bezirk Leonberg","description":"Willkommen beim LAGER Live-Blog des\u00a0Jungscharlagers des EJW Leonberg. Hier bekommst du Eindr\u00fccke in das Jungscharlager, erf\u00e4hrst mehr \u00fcber das diesj\u00e4hrige Lager-Motto oder kannst dich durch die Beitr\u00e4ge vergangener Lager klicken. Viel Spa\u00df!","robots":{"index":"index","follow":"follow","max-snippet":"max-snippet:-1","max-image-preview":"max-image-preview:large","max-video-preview":"max-video-preview:-1"},"canonical":"https:\/\/ejwleo.de\/lagerlive\/","og_locale":"de_DE","og_type":"article","og_title":"Home - LagerLive | Ev. Jugendwerk Bezirk Leonberg","og_description":"Willkommen beim LAGER Live-Blog des\u00a0Jungscharlagers des EJW Leonberg. Hier bekommst du Eindr\u00fccke in das Jungscharlager, erf\u00e4hrst mehr \u00fcber das diesj\u00e4hrige Lager-Motto oder kannst dich durch die Beitr\u00e4ge vergangener Lager klicken. Viel Spa\u00df!","og_url":"https:\/\/ejwleo.de\/lagerlive\/","og_site_name":"LagerLive | Ev. Jugendwerk Bezirk Leonberg","article_modified_time":"2019-03-25T11:51:41+00:00","og_image":[{"width":2048,"height":1365,"url":"https:\/\/ejwleo.de\/lagerlive\/wp-content\/uploads\/sites\/2\/2017\/08\/P7310004-1.jpg","type":"image\/jpeg"}],"twitter_card":"summary_large_image","schema":{"@context":"https:\/\/schema.org","@graph":[{"@type":"WebPage","@id":"https:\/\/ejwleo.de\/lagerlive\/","url":"https:\/\/ejwleo.de\/lagerlive\/","name":"Home - LagerLive | Ev. Jugendwerk Bezirk Leonberg","isPartOf":{"@id":"https:\/\/ejwleo.de\/lagerlive\/#website"},"primaryImageOfPage":{"@id":"https:\/\/ejwleo.de\/lagerlive\/#primaryimage"},"image":{"@id":"https:\/\/ejwleo.de\/lagerlive\/#primaryimage"},"thumbnailUrl":"https:\/\/ejwleo.de\/lagerlive\/wp-content\/uploads\/sites\/2\/2017\/08\/P7310004-1.jpg","datePublished":"2018-01-04T15:23:53+00:00","dateModified":"2019-03-25T11:51:41+00:00","description":"Willkommen beim LAGER Live-Blog des\u00a0Jungscharlagers des EJW Leonberg. Hier bekommst du Eindr\u00fccke in das Jungscharlager, erf\u00e4hrst mehr \u00fcber das diesj\u00e4hrige Lager-Motto oder kannst dich durch die Beitr\u00e4ge vergangener Lager klicken. Viel Spa\u00df!","breadcrumb":{"@id":"https:\/\/ejwleo.de\/lagerlive\/#breadcrumb"},"inLanguage":"de","potentialAction":[{"@type":"ReadAction","target":["https:\/\/ejwleo.de\/lagerlive\/"]}]},{"@type":"ImageObject","inLanguage":"de","@id":"https:\/\/ejwleo.de\/lagerlive\/#primaryimage","url":"https:\/\/ejwleo.de\/lagerlive\/wp-content\/uploads\/sites\/2\/2017\/08\/P7310004-1.jpg","contentUrl":"https:\/\/ejwleo.de\/lagerlive\/wp-content\/uploads\/sites\/2\/2017\/08\/P7310004-1.jpg","width":2048,"height":1365,"caption":"OLYMPUS DIGITAL CAMERA"},{"@type":"BreadcrumbList","@id":"https:\/\/ejwleo.de\/lagerlive\/#breadcrumb","itemListElement":[{"@type":"ListItem","position":1,"name":"Startseite","item":"https:\/\/ejwleo.de\/lagerlive\/"},{"@type":"ListItem","position":2,"name":"Home"}]},{"@type":"WebSite","@id":"https:\/\/ejwleo.de\/lagerlive\/#website","url":"https:\/\/ejwleo.de\/lagerlive\/","name":"LagerLive | Ev. Jugendwerk Bezirk Leonberg","description":"LagerLive | Ev. Jugendwerk Bezirk Leonberg","publisher":{"@id":"https:\/\/ejwleo.de\/lagerlive\/#organization"},"potentialAction":[{"@type":"SearchAction","target":{"@type":"EntryPoint","urlTemplate":"https:\/\/ejwleo.de\/lagerlive\/?s={search_term_string}"},"query-input":{"@type":"PropertyValueSpecification","valueRequired":true,"valueName":"search_term_string"}}],"inLanguage":"de"},{"@type":"Organization","@id":"https:\/\/ejwleo.de\/lagerlive\/#organization","name":"LagerLive | Ev. Jugendwerk Bezirk Leonberg","url":"https:\/\/ejwleo.de\/lagerlive\/","logo":{"@type":"ImageObject","inLanguage":"de","@id":"https:\/\/ejwleo.de\/lagerlive\/#\/schema\/logo\/image\/","url":"","contentUrl":"","caption":"LagerLive | Ev. Jugendwerk Bezirk Leonberg"},"image":{"@id":"https:\/\/ejwleo.de\/lagerlive\/#\/schema\/logo\/image\/"}}]}},"_links":{"self":[{"href":"https:\/\/ejwleo.de\/lagerlive\/wp-json\/wp\/v2\/pages\/10","targetHints":{"allow":["GET"]}}],"collection":[{"href":"https:\/\/ejwleo.de\/lagerlive\/wp-json\/wp\/v2\/pages"}],"about":[{"href":"https:\/\/ejwleo.de\/lagerlive\/wp-json\/wp\/v2\/types\/page"}],"author":[{"embeddable":true,"href":"https:\/\/ejwleo.de\/lagerlive\/wp-json\/wp\/v2\/users\/1"}],"replies":[{"embeddable":true,"href":"https:\/\/ejwleo.de\/lagerlive\/wp-json\/wp\/v2\/comments?post=10"}],"version-history":[{"count":7,"href":"https:\/\/ejwleo.de\/lagerlive\/wp-json\/wp\/v2\/pages\/10\/revisions"}],"predecessor-version":[{"id":464,"href":"https:\/\/ejwleo.de\/lagerlive\/wp-json\/wp\/v2\/pages\/10\/revisions\/464"}],"wp:featuredmedia":[{"embeddable":true,"href":"https:\/\/ejwleo.de\/lagerlive\/wp-json\/wp\/v2\/media\/266"}],"wp:attachment":[{"href":"https:\/\/ejwleo.de\/lagerlive\/wp-json\/wp\/v2\/media?parent=10"}],"curies":[{"name":"wp","href":"https:\/\/api.w.org\/{rel}","templated":true}]}}